{"id":175,"date":"2025-05-13T14:53:34","date_gmt":"2025-05-13T14:53:34","guid":{"rendered":"https:\/\/vilaurban.pt\/?page_id=175"},"modified":"2026-04-15T13:58:03","modified_gmt":"2026-04-15T13:58:03","slug":"contactos","status":"publish","type":"page","link":"https:\/\/vilaurban.pt\/en\/contactos\/","title":{"rendered":"Contacts"},"content":{"rendered":"<div data-elementor-type=\"wp-page\" data-elementor-id=\"175\" class=\"elementor elementor-175\" data-elementor-post-type=\"page\">\n\t\t\t\t<div class=\"elementor-element elementor-element-b6a01c6 e-flex e-con-boxed e-con e-parent\" data-id=\"b6a01c6\" data-element_type=\"container\" data-e-type=\"container\">\n\t\t\t\t\t<div class=\"e-con-inner\">\n\t\t\t\t<div class=\"elementor-element elementor-element-cc35cf3 elementor-hidden-desktop elementor-hidden-tablet elementor-hidden-mobile elementor-widget elementor-widget-heading\" data-id=\"cc35cf3\" data-element_type=\"widget\" data-e-type=\"widget\" data-widget_type=\"heading.default\">\n\t\t\t\t<div class=\"elementor-widget-container\">\n\t\t\t\t\t<h1 class=\"elementor-heading-title elementor-size-default\">Quality Real Estate Solutions<\/h1>\t\t\t\t<\/div>\n\t\t\t\t<\/div>\n\t\t\t\t<div class=\"elementor-element elementor-element-513dd30 elementor-hidden-desktop elementor-hidden-tablet elementor-hidden-mobile elementor-widget elementor-widget-text-editor\" data-id=\"513dd30\" data-element_type=\"widget\" data-e-type=\"widget\" data-widget_type=\"text-editor.default\">\n\t\t\t\t<div class=\"elementor-widget-container\">\n\t\t\t\t\t\t\t\t\t<p>Contact us to find out more about our developments or to arrange a visit to your future property.<\/p>\t\t\t\t\t\t\t\t<\/div>\n\t\t\t\t<\/div>\n\t\t\t\t\t<\/div>\n\t\t\t\t<\/div>\n\t\t<div class=\"elementor-element elementor-element-c4a93ad e-flex e-con-boxed e-con e-parent\" data-id=\"c4a93ad\" data-element_type=\"container\" data-e-type=\"container\">\n\t\t\t\t\t<div class=\"e-con-inner\">\n\t\t<div class=\"elementor-element elementor-element-8d6cca3 e-con-full e-flex e-con e-child\" data-id=\"8d6cca3\" data-element_type=\"container\" data-e-type=\"container\">\n\t\t<div class=\"elementor-element elementor-element-1e2b512 e-con-full e-flex e-con e-child\" data-id=\"1e2b512\" data-element_type=\"container\" data-e-type=\"container\">\n\t\t<div class=\"elementor-element elementor-element-f163308 e-con-full e-flex e-con e-child\" data-id=\"f163308\" data-element_type=\"container\" data-e-type=\"container\">\n\t\t\t\t<div class=\"elementor-element elementor-element-5866701 elementor-widget elementor-widget-heading\" data-id=\"5866701\" data-element_type=\"widget\" data-e-type=\"widget\" data-widget_type=\"heading.default\">\n\t\t\t\t<div class=\"elementor-widget-container\">\n\t\t\t\t\t<h2 class=\"elementor-heading-title elementor-size-default\"><br><br><br>Contacts<\/h2>\t\t\t\t<\/div>\n\t\t\t\t<\/div>\n\t\t\t\t<div class=\"elementor-element elementor-element-2c45365 elementor-widget elementor-widget-heading\" data-id=\"2c45365\" data-element_type=\"widget\" data-e-type=\"widget\" data-widget_type=\"heading.default\">\n\t\t\t\t<div class=\"elementor-widget-container\">\n\t\t\t\t\t<p class=\"elementor-heading-title elementor-size-default\"><br>geral@vilaurban.pt<\/p>\t\t\t\t<\/div>\n\t\t\t\t<\/div>\n\t\t\t\t<div class=\"elementor-element elementor-element-3827e0b elementor-hidden-desktop elementor-hidden-tablet elementor-hidden-mobile elementor-widget elementor-widget-heading\" data-id=\"3827e0b\" data-element_type=\"widget\" data-e-type=\"widget\" data-widget_type=\"heading.default\">\n\t\t\t\t<div class=\"elementor-widget-container\">\n\t\t\t\t\t<p class=\"elementor-heading-title elementor-size-default\">+351 933 355 535<\/p>\t\t\t\t<\/div>\n\t\t\t\t<\/div>\n\t\t\t\t<div class=\"elementor-element elementor-element-325850c elementor-hidden-desktop elementor-hidden-tablet elementor-hidden-mobile elementor-widget elementor-widget-heading\" data-id=\"325850c\" data-element_type=\"widget\" data-e-type=\"widget\" data-widget_type=\"heading.default\">\n\t\t\t\t<div class=\"elementor-widget-container\">\n\t\t\t\t\t<p class=\"elementor-heading-title elementor-size-default\">*Call costs to the national mobile network<\/p>\t\t\t\t<\/div>\n\t\t\t\t<\/div>\n\t\t\t\t<\/div>\n\t\t<div class=\"elementor-element elementor-element-e9ae850 e-con-full e-flex e-con e-child\" data-id=\"e9ae850\" data-element_type=\"container\" data-e-type=\"container\">\n\t\t\t\t<div class=\"elementor-element elementor-element-272d811 elementor-widget elementor-widget-heading\" data-id=\"272d811\" data-element_type=\"widget\" data-e-type=\"widget\" data-widget_type=\"heading.default\">\n\t\t\t\t<div class=\"elementor-widget-container\">\n\t\t\t\t\t<h2 class=\"elementor-heading-title elementor-size-default\"><br><br>Pay us a visit<br><\/h2>\t\t\t\t<\/div>\n\t\t\t\t<\/div>\n\t\t\t\t<div class=\"elementor-element elementor-element-e129f41 elementor-widget elementor-widget-heading\" data-id=\"e129f41\" data-element_type=\"widget\" data-e-type=\"widget\" data-widget_type=\"heading.default\">\n\t\t\t\t<div class=\"elementor-widget-container\">\n\t\t\t\t\t<p class=\"elementor-heading-title elementor-size-default\">Avenida Dr. Jo\u00e3o Canavarro, n\u00ba 345 <br>\n1 Andar Sala 14 4480-668 Vila do Conde.<\/p>\t\t\t\t<\/div>\n\t\t\t\t<\/div>\n\t\t\t\t<\/div>\n\t\t\t\t<\/div>\n\t\t\t\t<\/div>\n\t\t<div class=\"elementor-element elementor-element-a9da39c e-con-full e-flex e-con e-child\" data-id=\"a9da39c\" data-element_type=\"container\" data-e-type=\"container\">\n\t\t\t\t<div class=\"elementor-element elementor-element-4ee2e73 elementor-widget elementor-widget-google_maps\" data-id=\"4ee2e73\" data-element_type=\"widget\" data-e-type=\"widget\" data-widget_type=\"google_maps.default\">\n\t\t\t\t<div class=\"elementor-widget-container\">\n\t\t\t\t\t\t\t<div class=\"elementor-custom-embed\">\n\t\t\t<iframe loading=\"lazy\"\n\t\t\t\t\tsrc=\"https:\/\/maps.google.com\/maps?q=Avenida%20Dr.%20Jo%C3%A3o%20Canavarro%2C%20n%C2%BA%20345%201%20Andar%20Sala%2014%204480-668%20Vila%20do%20Conde&#038;t=m&#038;z=19&#038;output=embed&#038;iwloc=near\"\n\t\t\t\t\ttitle=\"Avenida Dr. Jo\u00e3o Canavarro, n\u00ba 345 1 Andar Sala 14 4480-668 Vila do Conde\"\n\t\t\t\t\taria-label=\"Avenida Dr. Jo\u00e3o Canavarro, n\u00ba 345 1 Andar Sala 14 4480-668 Vila do Conde\"\n\t\t\t><\/iframe>\n\t\t<\/div>\n\t\t\t\t\t\t<\/div>\n\t\t\t\t<\/div>\n\t\t\t\t<\/div>\n\t\t\t\t\t<\/div>\n\t\t\t\t<\/div>\n\t\t<div class=\"elementor-element elementor-element-bb3b305 e-flex e-con-boxed e-con e-parent\" data-id=\"bb3b305\" data-element_type=\"container\" data-e-type=\"container\">\n\t\t\t\t\t<div class=\"e-con-inner\">\n\t\t\t\t<div class=\"elementor-element elementor-element-5e30d16 elementor-widget elementor-widget-spacer\" data-id=\"5e30d16\" data-element_type=\"widget\" data-e-type=\"widget\" data-widget_type=\"spacer.default\">\n\t\t\t\t<div class=\"elementor-widget-container\">\n\t\t\t\t\t\t\t<div class=\"elementor-spacer\">\n\t\t\t<div class=\"elementor-spacer-inner\"><\/div>\n\t\t<\/div>\n\t\t\t\t\t\t<\/div>\n\t\t\t\t<\/div>\n\t\t\t\t\t<\/div>\n\t\t\t\t<\/div>\n\t\t\t\t<\/div>","protected":false},"excerpt":{"rendered":"<p>Solu\u00e7\u00f5es Imobili\u00e1rias de Qualidade Contacte-nos para saber mais sobre os nossos empreendimentos ou para agendar uma visita ao seu futuro im\u00f3vel. Contactos geral@vilaurban.pt +351 933 355 535 *Custo chamada para a rede m\u00f3vel nacional Fa\u00e7a-nos uma visita Avenida Dr. Jo\u00e3o Canavarro, n\u00ba 345 1 Andar Sala 14 4480-668 Vila do Conde.<\/p>","protected":false},"author":1,"featured_media":281,"parent":0,"menu_order":0,"comment_status":"closed","ping_status":"closed","template":"elementor_header_footer","meta":{"_acf_changed":false,"footnotes":""},"class_list":["post-175","page","type-page","status-publish","has-post-thumbnail","hentry"],"acf":[],"yoast_head":"<!-- This site is optimized with the Yoast SEO plugin v27.4 - https:\/\/yoast.com\/product\/yoast-seo-wordpress\/ -->\n<title>Contactos - Vila Urban<\/title>\n<meta name=\"description\" content=\"Esclare\u00e7a d\u00favidas sobre os nossos empreendimentos e descubra como podemos ajudar no seu pr\u00f3ximo investimento imobili\u00e1rio.\" \/>\n<meta name=\"robots\" content=\"index, follow, max-snippet:-1, max-image-preview:large, max-video-preview:-1\" \/>\n<link rel=\"canonical\" href=\"https:\/\/vilaurban.pt\/en\/contactos\/\" \/>\n<meta property=\"og:locale\" content=\"en_US\" \/>\n<meta property=\"og:type\" content=\"article\" \/>\n<meta property=\"og:title\" content=\"Contactos - Vila Urban\" \/>\n<meta property=\"og:description\" content=\"Esclare\u00e7a d\u00favidas sobre os nossos empreendimentos e descubra como podemos ajudar no seu pr\u00f3ximo investimento imobili\u00e1rio.\" \/>\n<meta property=\"og:url\" content=\"https:\/\/vilaurban.pt\/en\/contactos\/\" \/>\n<meta property=\"og:site_name\" content=\"Vila Urban\" \/>\n<meta property=\"article:modified_time\" content=\"2026-04-15T13:58:03+00:00\" \/>\n<meta property=\"og:image\" content=\"https:\/\/vilaurban.pt\/wp-content\/uploads\/2025\/05\/Icone-VU-Preto-scaled.png\" \/>\n\t<meta property=\"og:image:width\" content=\"2560\" \/>\n\t<meta property=\"og:image:height\" content=\"2560\" \/>\n\t<meta property=\"og:image:type\" content=\"image\/png\" \/>\n<meta name=\"twitter:card\" content=\"summary_large_image\" \/>\n<meta name=\"twitter:label1\" content=\"Est. reading time\" \/>\n\t<meta name=\"twitter:data1\" content=\"1 minute\" \/>\n<script type=\"application\/ld+json\" class=\"yoast-schema-graph\">{\"@context\":\"https:\\\/\\\/schema.org\",\"@graph\":[{\"@type\":\"WebPage\",\"@id\":\"https:\\\/\\\/vilaurban.pt\\\/contactos\\\/\",\"url\":\"https:\\\/\\\/vilaurban.pt\\\/contactos\\\/\",\"name\":\"Contactos - Vila Urban\",\"isPartOf\":{\"@id\":\"https:\\\/\\\/vilaurban.pt\\\/#website\"},\"primaryImageOfPage\":{\"@id\":\"https:\\\/\\\/vilaurban.pt\\\/contactos\\\/#primaryimage\"},\"image\":{\"@id\":\"https:\\\/\\\/vilaurban.pt\\\/contactos\\\/#primaryimage\"},\"thumbnailUrl\":\"https:\\\/\\\/vilaurban.pt\\\/wp-content\\\/uploads\\\/2025\\\/05\\\/Icone-VU-Preto-scaled.png\",\"datePublished\":\"2025-05-13T14:53:34+00:00\",\"dateModified\":\"2026-04-15T13:58:03+00:00\",\"description\":\"Esclare\u00e7a d\u00favidas sobre os nossos empreendimentos e descubra como podemos ajudar no seu pr\u00f3ximo investimento imobili\u00e1rio.\",\"breadcrumb\":{\"@id\":\"https:\\\/\\\/vilaurban.pt\\\/contactos\\\/#breadcrumb\"},\"inLanguage\":\"en-US\",\"potentialAction\":[{\"@type\":\"ReadAction\",\"target\":[\"https:\\\/\\\/vilaurban.pt\\\/contactos\\\/\"]}]},{\"@type\":\"ImageObject\",\"inLanguage\":\"en-US\",\"@id\":\"https:\\\/\\\/vilaurban.pt\\\/contactos\\\/#primaryimage\",\"url\":\"https:\\\/\\\/vilaurban.pt\\\/wp-content\\\/uploads\\\/2025\\\/05\\\/Icone-VU-Preto-scaled.png\",\"contentUrl\":\"https:\\\/\\\/vilaurban.pt\\\/wp-content\\\/uploads\\\/2025\\\/05\\\/Icone-VU-Preto-scaled.png\",\"width\":2560,\"height\":2560},{\"@type\":\"BreadcrumbList\",\"@id\":\"https:\\\/\\\/vilaurban.pt\\\/contactos\\\/#breadcrumb\",\"itemListElement\":[{\"@type\":\"ListItem\",\"position\":1,\"name\":\"Home\",\"item\":\"https:\\\/\\\/vilaurban.pt\\\/\"},{\"@type\":\"ListItem\",\"position\":2,\"name\":\"Contactos\"}]},{\"@type\":\"WebSite\",\"@id\":\"https:\\\/\\\/vilaurban.pt\\\/#website\",\"url\":\"https:\\\/\\\/vilaurban.pt\\\/\",\"name\":\"Vila Urban\",\"description\":\"Vila Urban\",\"publisher\":{\"@id\":\"https:\\\/\\\/vilaurban.pt\\\/#organization\"},\"alternateName\":\"Vila Urban\",\"potentialAction\":[{\"@type\":\"SearchAction\",\"target\":{\"@type\":\"EntryPoint\",\"urlTemplate\":\"https:\\\/\\\/vilaurban.pt\\\/?s={search_term_string}\"},\"query-input\":{\"@type\":\"PropertyValueSpecification\",\"valueRequired\":true,\"valueName\":\"search_term_string\"}}],\"inLanguage\":\"en-US\"},{\"@type\":\"Organization\",\"@id\":\"https:\\\/\\\/vilaurban.pt\\\/#organization\",\"name\":\"Vila Urban\",\"url\":\"https:\\\/\\\/vilaurban.pt\\\/\",\"logo\":{\"@type\":\"ImageObject\",\"inLanguage\":\"en-US\",\"@id\":\"https:\\\/\\\/vilaurban.pt\\\/#\\\/schema\\\/logo\\\/image\\\/\",\"url\":\"https:\\\/\\\/vilaurban.pt\\\/wp-content\\\/uploads\\\/2025\\\/05\\\/Logo-Vila-Urban_Branco-Edited-scaled-e1748269279755.png\",\"contentUrl\":\"https:\\\/\\\/vilaurban.pt\\\/wp-content\\\/uploads\\\/2025\\\/05\\\/Logo-Vila-Urban_Branco-Edited-scaled-e1748269279755.png\",\"width\":2560,\"height\":1148,\"caption\":\"Vila Urban\"},\"image\":{\"@id\":\"https:\\\/\\\/vilaurban.pt\\\/#\\\/schema\\\/logo\\\/image\\\/\"}}]}<\/script>\n<!-- \/ Yoast SEO plugin. -->","yoast_head_json":{"title":"Contactos - Vila Urban","description":"Esclare\u00e7a d\u00favidas sobre os nossos empreendimentos e descubra como podemos ajudar no seu pr\u00f3ximo investimento imobili\u00e1rio.","robots":{"index":"index","follow":"follow","max-snippet":"max-snippet:-1","max-image-preview":"max-image-preview:large","max-video-preview":"max-video-preview:-1"},"canonical":"https:\/\/vilaurban.pt\/en\/contactos\/","og_locale":"en_US","og_type":"article","og_title":"Contactos - Vila Urban","og_description":"Esclare\u00e7a d\u00favidas sobre os nossos empreendimentos e descubra como podemos ajudar no seu pr\u00f3ximo investimento imobili\u00e1rio.","og_url":"https:\/\/vilaurban.pt\/en\/contactos\/","og_site_name":"Vila Urban","article_modified_time":"2026-04-15T13:58:03+00:00","og_image":[{"width":2560,"height":2560,"url":"https:\/\/vilaurban.pt\/wp-content\/uploads\/2025\/05\/Icone-VU-Preto-scaled.png","type":"image\/png"}],"twitter_card":"summary_large_image","twitter_misc":{"Est. reading time":"1 minute"},"schema":{"@context":"https:\/\/schema.org","@graph":[{"@type":"WebPage","@id":"https:\/\/vilaurban.pt\/contactos\/","url":"https:\/\/vilaurban.pt\/contactos\/","name":"Contactos - Vila Urban","isPartOf":{"@id":"https:\/\/vilaurban.pt\/#website"},"primaryImageOfPage":{"@id":"https:\/\/vilaurban.pt\/contactos\/#primaryimage"},"image":{"@id":"https:\/\/vilaurban.pt\/contactos\/#primaryimage"},"thumbnailUrl":"https:\/\/vilaurban.pt\/wp-content\/uploads\/2025\/05\/Icone-VU-Preto-scaled.png","datePublished":"2025-05-13T14:53:34+00:00","dateModified":"2026-04-15T13:58:03+00:00","description":"Esclare\u00e7a d\u00favidas sobre os nossos empreendimentos e descubra como podemos ajudar no seu pr\u00f3ximo investimento imobili\u00e1rio.","breadcrumb":{"@id":"https:\/\/vilaurban.pt\/contactos\/#breadcrumb"},"inLanguage":"en-US","potentialAction":[{"@type":"ReadAction","target":["https:\/\/vilaurban.pt\/contactos\/"]}]},{"@type":"ImageObject","inLanguage":"en-US","@id":"https:\/\/vilaurban.pt\/contactos\/#primaryimage","url":"https:\/\/vilaurban.pt\/wp-content\/uploads\/2025\/05\/Icone-VU-Preto-scaled.png","contentUrl":"https:\/\/vilaurban.pt\/wp-content\/uploads\/2025\/05\/Icone-VU-Preto-scaled.png","width":2560,"height":2560},{"@type":"BreadcrumbList","@id":"https:\/\/vilaurban.pt\/contactos\/#breadcrumb","itemListElement":[{"@type":"ListItem","position":1,"name":"Home","item":"https:\/\/vilaurban.pt\/"},{"@type":"ListItem","position":2,"name":"Contactos"}]},{"@type":"WebSite","@id":"https:\/\/vilaurban.pt\/#website","url":"https:\/\/vilaurban.pt\/","name":"Vila Urban","description":"Vila Urban","publisher":{"@id":"https:\/\/vilaurban.pt\/#organization"},"alternateName":"Vila Urban","potentialAction":[{"@type":"SearchAction","target":{"@type":"EntryPoint","urlTemplate":"https:\/\/vilaurban.pt\/?s={search_term_string}"},"query-input":{"@type":"PropertyValueSpecification","valueRequired":true,"valueName":"search_term_string"}}],"inLanguage":"en-US"},{"@type":"Organization","@id":"https:\/\/vilaurban.pt\/#organization","name":"Vila Urban","url":"https:\/\/vilaurban.pt\/","logo":{"@type":"ImageObject","inLanguage":"en-US","@id":"https:\/\/vilaurban.pt\/#\/schema\/logo\/image\/","url":"https:\/\/vilaurban.pt\/wp-content\/uploads\/2025\/05\/Logo-Vila-Urban_Branco-Edited-scaled-e1748269279755.png","contentUrl":"https:\/\/vilaurban.pt\/wp-content\/uploads\/2025\/05\/Logo-Vila-Urban_Branco-Edited-scaled-e1748269279755.png","width":2560,"height":1148,"caption":"Vila Urban"},"image":{"@id":"https:\/\/vilaurban.pt\/#\/schema\/logo\/image\/"}}]}},"_links":{"self":[{"href":"https:\/\/vilaurban.pt\/en\/wp-json\/wp\/v2\/pages\/175","targetHints":{"allow":["GET"]}}],"collection":[{"href":"https:\/\/vilaurban.pt\/en\/wp-json\/wp\/v2\/pages"}],"about":[{"href":"https:\/\/vilaurban.pt\/en\/wp-json\/wp\/v2\/types\/page"}],"author":[{"embeddable":true,"href":"https:\/\/vilaurban.pt\/en\/wp-json\/wp\/v2\/users\/1"}],"replies":[{"embeddable":true,"href":"https:\/\/vilaurban.pt\/en\/wp-json\/wp\/v2\/comments?post=175"}],"version-history":[{"count":0,"href":"https:\/\/vilaurban.pt\/en\/wp-json\/wp\/v2\/pages\/175\/revisions"}],"wp:featuredmedia":[{"embeddable":true,"href":"https:\/\/vilaurban.pt\/en\/wp-json\/wp\/v2\/media\/281"}],"wp:attachment":[{"href":"https:\/\/vilaurban.pt\/en\/wp-json\/wp\/v2\/media?parent=175"}],"curies":[{"name":"wp","href":"https:\/\/api.w.org\/{rel}","templated":true}]}}